{"id":404,"date":"2025-03-14T14:41:45","date_gmt":"2025-03-14T13:41:45","guid":{"rendered":"https:\/\/atelier-lucane.fr\/?page_id=404"},"modified":"2026-02-18T14:00:25","modified_gmt":"2026-02-18T13:00:25","slug":"jdr","status":"publish","type":"page","link":"https:\/\/atelier-lucane.fr\/index.php\/jdr\/","title":{"rendered":"JDR"},"content":{"rendered":"<h2>Toutes les actualit\u00e9s JDR<\/h2>\n<p>Mes actus, r\u00e9flexions et processus de cr\u00e9ations<\/p>\n\n\n<p>Page en construction&#8230;.<\/p>\n\n\n\n<p><\/p>\n","protected":false},"excerpt":{"rendered":"<p>Toutes les actualit\u00e9s JDR Mes actus, r\u00e9flexions et processus de cr\u00e9ations Page en construction&#8230;.<\/p>\n","protected":false},"author":1,"featured_media":0,"parent":0,"menu_order":0,"comment_status":"closed","ping_status":"closed","template":"","meta":{"footnotes":""},"class_list":["post-404","page","type-page","status-publish","hentry"],"yoast_head":"<!-- This site is optimized with the Yoast SEO plugin v27.5 - https:\/\/yoast.com\/product\/yoast-seo-wordpress\/ -->\n<title>JDR | Atelier Lucane<\/title>\n<meta name=\"robots\" content=\"index, follow, max-snippet:-1, max-image-preview:large, max-video-preview:-1\" \/>\n<link rel=\"canonical\" href=\"https:\/\/atelier-lucane.fr\/index.php\/jdr\/\" \/>\n<meta property=\"og:locale\" content=\"fr_FR\" \/>\n<meta property=\"og:type\" content=\"article\" \/>\n<meta property=\"og:title\" content=\"JDR | Atelier Lucane\" \/>\n<meta property=\"og:description\" content=\"Toutes les actualit\u00e9s JDR Mes actus, r\u00e9flexions et processus de cr\u00e9ations Page en construction&#8230;.\" \/>\n<meta property=\"og:url\" content=\"https:\/\/atelier-lucane.fr\/index.php\/jdr\/\" \/>\n<meta property=\"og:site_name\" content=\"Atelier Lucane\" \/>\n<meta property=\"article:modified_time\" content=\"2026-02-18T13:00:25+00:00\" \/>\n<meta name=\"twitter:card\" content=\"summary_large_image\" \/>\n<meta name=\"twitter:label1\" content=\"Dur\u00e9e de lecture estim\u00e9e\" \/>\n\t<meta name=\"twitter:data1\" content=\"1 minute\" \/>\n<script type=\"application\/ld+json\" class=\"yoast-schema-graph\">{\"@context\":\"https:\\\/\\\/schema.org\",\"@graph\":[{\"@type\":\"WebPage\",\"@id\":\"https:\\\/\\\/atelier-lucane.fr\\\/index.php\\\/jdr\\\/\",\"url\":\"https:\\\/\\\/atelier-lucane.fr\\\/index.php\\\/jdr\\\/\",\"name\":\"JDR | Atelier Lucane\",\"isPartOf\":{\"@id\":\"https:\\\/\\\/atelier-lucane.fr\\\/#website\"},\"datePublished\":\"2025-03-14T13:41:45+00:00\",\"dateModified\":\"2026-02-18T13:00:25+00:00\",\"breadcrumb\":{\"@id\":\"https:\\\/\\\/atelier-lucane.fr\\\/index.php\\\/jdr\\\/#breadcrumb\"},\"inLanguage\":\"fr-FR\",\"potentialAction\":[{\"@type\":\"ReadAction\",\"target\":[\"https:\\\/\\\/atelier-lucane.fr\\\/index.php\\\/jdr\\\/\"]}]},{\"@type\":\"BreadcrumbList\",\"@id\":\"https:\\\/\\\/atelier-lucane.fr\\\/index.php\\\/jdr\\\/#breadcrumb\",\"itemListElement\":[{\"@type\":\"ListItem\",\"position\":1,\"name\":\"Accueil\",\"item\":\"https:\\\/\\\/atelier-lucane.fr\\\/\"},{\"@type\":\"ListItem\",\"position\":2,\"name\":\"JDR\"}]},{\"@type\":\"WebSite\",\"@id\":\"https:\\\/\\\/atelier-lucane.fr\\\/#website\",\"url\":\"https:\\\/\\\/atelier-lucane.fr\\\/\",\"name\":\"Atelier Lucane\",\"description\":\"\",\"publisher\":{\"@id\":\"https:\\\/\\\/atelier-lucane.fr\\\/#organization\"},\"potentialAction\":[{\"@type\":\"SearchAction\",\"target\":{\"@type\":\"EntryPoint\",\"urlTemplate\":\"https:\\\/\\\/atelier-lucane.fr\\\/?s={search_term_string}\"},\"query-input\":{\"@type\":\"PropertyValueSpecification\",\"valueRequired\":true,\"valueName\":\"search_term_string\"}}],\"inLanguage\":\"fr-FR\"},{\"@type\":\"Organization\",\"@id\":\"https:\\\/\\\/atelier-lucane.fr\\\/#organization\",\"name\":\"Atelier Lucane\",\"url\":\"https:\\\/\\\/atelier-lucane.fr\\\/\",\"logo\":{\"@type\":\"ImageObject\",\"inLanguage\":\"fr-FR\",\"@id\":\"https:\\\/\\\/atelier-lucane.fr\\\/#\\\/schema\\\/logo\\\/image\\\/\",\"url\":\"https:\\\/\\\/atelier-lucane.fr\\\/wp-content\\\/uploads\\\/2025\\\/03\\\/Plan-de-travail-1.png\",\"contentUrl\":\"https:\\\/\\\/atelier-lucane.fr\\\/wp-content\\\/uploads\\\/2025\\\/03\\\/Plan-de-travail-1.png\",\"width\":1988,\"height\":1118,\"caption\":\"Atelier Lucane\"},\"image\":{\"@id\":\"https:\\\/\\\/atelier-lucane.fr\\\/#\\\/schema\\\/logo\\\/image\\\/\"}}]}<\/script>\n<!-- \/ Yoast SEO plugin. -->","yoast_head_json":{"title":"JDR | Atelier Lucane","robots":{"index":"index","follow":"follow","max-snippet":"max-snippet:-1","max-image-preview":"max-image-preview:large","max-video-preview":"max-video-preview:-1"},"canonical":"https:\/\/atelier-lucane.fr\/index.php\/jdr\/","og_locale":"fr_FR","og_type":"article","og_title":"JDR | Atelier Lucane","og_description":"Toutes les actualit\u00e9s JDR Mes actus, r\u00e9flexions et processus de cr\u00e9ations Page en construction&#8230;.","og_url":"https:\/\/atelier-lucane.fr\/index.php\/jdr\/","og_site_name":"Atelier Lucane","article_modified_time":"2026-02-18T13:00:25+00:00","twitter_card":"summary_large_image","twitter_misc":{"Dur\u00e9e de lecture estim\u00e9e":"1 minute"},"schema":{"@context":"https:\/\/schema.org","@graph":[{"@type":"WebPage","@id":"https:\/\/atelier-lucane.fr\/index.php\/jdr\/","url":"https:\/\/atelier-lucane.fr\/index.php\/jdr\/","name":"JDR | Atelier Lucane","isPartOf":{"@id":"https:\/\/atelier-lucane.fr\/#website"},"datePublished":"2025-03-14T13:41:45+00:00","dateModified":"2026-02-18T13:00:25+00:00","breadcrumb":{"@id":"https:\/\/atelier-lucane.fr\/index.php\/jdr\/#breadcrumb"},"inLanguage":"fr-FR","potentialAction":[{"@type":"ReadAction","target":["https:\/\/atelier-lucane.fr\/index.php\/jdr\/"]}]},{"@type":"BreadcrumbList","@id":"https:\/\/atelier-lucane.fr\/index.php\/jdr\/#breadcrumb","itemListElement":[{"@type":"ListItem","position":1,"name":"Accueil","item":"https:\/\/atelier-lucane.fr\/"},{"@type":"ListItem","position":2,"name":"JDR"}]},{"@type":"WebSite","@id":"https:\/\/atelier-lucane.fr\/#website","url":"https:\/\/atelier-lucane.fr\/","name":"Atelier Lucane","description":"","publisher":{"@id":"https:\/\/atelier-lucane.fr\/#organization"},"potentialAction":[{"@type":"SearchAction","target":{"@type":"EntryPoint","urlTemplate":"https:\/\/atelier-lucane.fr\/?s={search_term_string}"},"query-input":{"@type":"PropertyValueSpecification","valueRequired":true,"valueName":"search_term_string"}}],"inLanguage":"fr-FR"},{"@type":"Organization","@id":"https:\/\/atelier-lucane.fr\/#organization","name":"Atelier Lucane","url":"https:\/\/atelier-lucane.fr\/","logo":{"@type":"ImageObject","inLanguage":"fr-FR","@id":"https:\/\/atelier-lucane.fr\/#\/schema\/logo\/image\/","url":"https:\/\/atelier-lucane.fr\/wp-content\/uploads\/2025\/03\/Plan-de-travail-1.png","contentUrl":"https:\/\/atelier-lucane.fr\/wp-content\/uploads\/2025\/03\/Plan-de-travail-1.png","width":1988,"height":1118,"caption":"Atelier Lucane"},"image":{"@id":"https:\/\/atelier-lucane.fr\/#\/schema\/logo\/image\/"}}]}},"_links":{"self":[{"href":"https:\/\/atelier-lucane.fr\/index.php\/wp-json\/wp\/v2\/pages\/404","targetHints":{"allow":["GET"]}}],"collection":[{"href":"https:\/\/atelier-lucane.fr\/index.php\/wp-json\/wp\/v2\/pages"}],"about":[{"href":"https:\/\/atelier-lucane.fr\/index.php\/wp-json\/wp\/v2\/types\/page"}],"author":[{"embeddable":true,"href":"https:\/\/atelier-lucane.fr\/index.php\/wp-json\/wp\/v2\/users\/1"}],"replies":[{"embeddable":true,"href":"https:\/\/atelier-lucane.fr\/index.php\/wp-json\/wp\/v2\/comments?post=404"}],"version-history":[{"count":30,"href":"https:\/\/atelier-lucane.fr\/index.php\/wp-json\/wp\/v2\/pages\/404\/revisions"}],"predecessor-version":[{"id":668,"href":"https:\/\/atelier-lucane.fr\/index.php\/wp-json\/wp\/v2\/pages\/404\/revisions\/668"}],"wp:attachment":[{"href":"https:\/\/atelier-lucane.fr\/index.php\/wp-json\/wp\/v2\/media?parent=404"}],"curies":[{"name":"wp","href":"https:\/\/api.w.org\/{rel}","templated":true}]}}